{"id":434,"date":"2025-10-31T11:05:18","date_gmt":"2025-10-31T11:05:18","guid":{"rendered":"https:\/\/next39860.elev.nextkbh.dk\/?page_id=434"},"modified":"2025-10-31T11:07:14","modified_gmt":"2025-10-31T11:07:14","slug":"ragron-forsog","status":"publish","type":"page","link":"https:\/\/next39860.elev.nextkbh.dk\/?page_id=434","title":{"rendered":"R\u00e5gr\u00f8n fors\u00f8g"},"content":{"rendered":"\n<p><\/p>\n\n\n\n<div superb-addons-animation=\"fadeIn\" class=\"wp-block-group alignfull has-global-padding is-layout-constrained wp-container-core-group-is-layout-226e04bb wp-block-group-is-layout-constrained\" style=\"margin-top:0;margin-bottom:0;padding-top:var(--wp--preset--spacing--superbspacing-xxlarge);padding-right:var(--wp--preset--spacing--superbspacing-small);padding-bottom:var(--wp--preset--spacing--superbspacing-xxlarge);padding-left:var(--wp--preset--spacing--superbspacing-small);opacity: 0;\">\n<div class=\"wp-block-columns alignwide is-layout-flex wp-container-core-columns-is-layout-28f84493 wp-block-columns-is-layout-flex\">\n<div class=\"wp-block-column is-layout-flow wp-block-column-is-layout-flow\" style=\"flex-basis:50%\">\n<h2 class=\"wp-block-heading has-text-align-left has-contrast-color has-text-color has-superbfont-xlarge-font-size\">R\u00e5Gr\u00f8n<\/h2>\n<\/div>\n\n\n\n<div class=\"wp-block-column is-layout-flow wp-block-column-is-layout-flow\" style=\"flex-basis:50%\"><\/div>\n<\/div>\n\n\n\n<p>Opgaven l\u00f8d p\u00e5 at designe et website mockup p\u00e5 Figma, af et fiktivt streetfood koncept. Jeg tog udgangspunkt i den nordiske og rolige stil som Banegaarden repr\u00e6sentere. Konceptet kaldte jeg for R\u00e5Gr\u00f8n, og du kan se min mockuop her: <a href=\"https:\/\/www.figma.com\/proto\/2ziMpn56tUZomD6rDBPCkx\/R%C3%A5Gr%C3%B8n-Website-Desktop?node-id=1-4&amp;t=DoZv5ngERL6mWsFe-0&amp;scaling=scale-down&amp;content-scaling=fixed&amp;page-id=0%3A1\"><strong>R\u00e5Gr\u00f8n<\/strong><\/a><\/p>\n\n\n\n<div class=\"wp-block-columns alignwide is-layout-flex wp-container-core-columns-is-layout-f9d87e41 wp-block-columns-is-layout-flex\">\n<div class=\"wp-block-column is-vertically-aligned-center is-layout-flow wp-container-core-column-is-layout-db2cb278 wp-block-column-is-layout-flow\">\n<figure class=\"wp-block-gallery has-nested-images columns-default is-cropped wp-block-gallery-1 is-layout-flex wp-block-gallery-is-layout-flex\">\n<figure class=\"wp-block-image size-large has-custom-border\"><img loading=\"lazy\" decoding=\"async\" width=\"1024\" height=\"662\" data-id=\"374\" src=\"https:\/\/next39860.elev.nextkbh.dk\/wp-content\/uploads\/2025\/10\/ragrob-forside-1024x662.png\" alt=\"\" class=\"wp-image-374\" style=\"border-radius:0px;object-fit:cover\" srcset=\"https:\/\/next39860.elev.nextkbh.dk\/wp-content\/uploads\/2025\/10\/ragrob-forside-1024x662.png 1024w, https:\/\/next39860.elev.nextkbh.dk\/wp-content\/uploads\/2025\/10\/ragrob-forside-300x194.png 300w, https:\/\/next39860.elev.nextkbh.dk\/wp-content\/uploads\/2025\/10\/ragrob-forside-768x496.png 768w, https:\/\/next39860.elev.nextkbh.dk\/wp-content\/uploads\/2025\/10\/ragrob-forside.png 1065w\" sizes=\"auto, (max-width: 1024px) 100vw, 1024px\" \/><\/figure>\n\n\n\n<figure class=\"wp-block-image size-large\"><img loading=\"lazy\" decoding=\"async\" width=\"1024\" height=\"662\" data-id=\"376\" src=\"https:\/\/next39860.elev.nextkbh.dk\/wp-content\/uploads\/2025\/10\/ragrob-1-1-1024x662.png\" alt=\"\" class=\"wp-image-376\" srcset=\"https:\/\/next39860.elev.nextkbh.dk\/wp-content\/uploads\/2025\/10\/ragrob-1-1-1024x662.png 1024w, https:\/\/next39860.elev.nextkbh.dk\/wp-content\/uploads\/2025\/10\/ragrob-1-1-300x194.png 300w, https:\/\/next39860.elev.nextkbh.dk\/wp-content\/uploads\/2025\/10\/ragrob-1-1-768x497.png 768w, https:\/\/next39860.elev.nextkbh.dk\/wp-content\/uploads\/2025\/10\/ragrob-1-1.png 1064w\" sizes=\"auto, (max-width: 1024px) 100vw, 1024px\" \/><\/figure>\n<\/figure>\n<\/div>\n<\/div>\n\n\n\n<div class=\"wp-block-buttons is-content-justification-right is-layout-flex wp-container-core-buttons-is-layout-d445cf74 wp-block-buttons-is-layout-flex\">\n<div class=\"wp-block-button\"><a class=\"wp-block-button__link wp-element-button\" href=\"https:\/\/next39860.elev.nextkbh.dk\/?page_id=87\">Tilbage til portfolio<\/a><\/div>\n<\/div>\n<\/div>\n","protected":false},"excerpt":{"rendered":"<p>R\u00e5Gr\u00f8n Opgaven l\u00f8d p\u00e5 at designe et website mockup p\u00e5 Figma, af et fiktivt streetfood koncept. Jeg tog udgangspunkt i den nordiske og rolige stil som Banegaarden repr\u00e6sentere. Konceptet kaldte jeg for R\u00e5Gr\u00f8n, og du kan se min mockuop her: R\u00e5Gr\u00f8n<\/p>\n","protected":false},"author":1,"featured_media":0,"parent":0,"menu_order":0,"comment_status":"closed","ping_status":"closed","template":"superbaddons-page-template","meta":{"footnotes":""},"class_list":["post-434","page","type-page","status-publish","hentry"],"_links":{"self":[{"href":"https:\/\/next39860.elev.nextkbh.dk\/index.php?rest_route=\/wp\/v2\/pages\/434","targetHints":{"allow":["GET"]}}],"collection":[{"href":"https:\/\/next39860.elev.nextkbh.dk\/index.php?rest_route=\/wp\/v2\/pages"}],"about":[{"href":"https:\/\/next39860.elev.nextkbh.dk\/index.php?rest_route=\/wp\/v2\/types\/page"}],"author":[{"embeddable":true,"href":"https:\/\/next39860.elev.nextkbh.dk\/index.php?rest_route=\/wp\/v2\/users\/1"}],"replies":[{"embeddable":true,"href":"https:\/\/next39860.elev.nextkbh.dk\/index.php?rest_route=%2Fwp%2Fv2%2Fcomments&post=434"}],"version-history":[{"count":1,"href":"https:\/\/next39860.elev.nextkbh.dk\/index.php?rest_route=\/wp\/v2\/pages\/434\/revisions"}],"predecessor-version":[{"id":436,"href":"https:\/\/next39860.elev.nextkbh.dk\/index.php?rest_route=\/wp\/v2\/pages\/434\/revisions\/436"}],"wp:attachment":[{"href":"https:\/\/next39860.elev.nextkbh.dk\/index.php?rest_route=%2Fwp%2Fv2%2Fmedia&parent=434"}],"curies":[{"name":"wp","href":"https:\/\/api.w.org\/{rel}","templated":true}]}}